{"id":3297,"date":"2025-10-06T08:39:56","date_gmt":"2025-10-06T08:39:56","guid":{"rendered":"https:\/\/boostbar.ch\/?page_id=3297"},"modified":"2025-10-06T14:53:34","modified_gmt":"2025-10-06T14:53:34","slug":"informations-legales","status":"publish","type":"page","link":"https:\/\/boostbar.ch\/fr\/informations-legales\/","title":{"rendered":"Informations l\u00e9gales"},"content":{"rendered":"<div class=\"wp-block-greenshift-blocks-container alignfull gspb_container gspb_container-gsbp-c4bf558\" id=\"gspb_container-id-gsbp-c4bf558\"><\/div>\n\n\n\n<div style=\"height:100px\" aria-hidden=\"true\" class=\"wp-block-spacer\"><\/div>\n\n\n\n<div class=\"wp-block-greenshift-blocks-row gspb_row gspb_row-id-gsbp-233e74c\" id=\"gspb_row-id-gsbp-233e74c\"><div class=\"gspb_row__content\"> \n<div class=\"wp-block-greenshift-blocks-row-column gspb_row__col--12 gspb_col-id-gsbp-a472cc4\" id=\"gspb_col-id-gsbp-a472cc4\">\n<h1 class=\"wp-block-heading\" id=\"subtitle\">Informations l\u00e9gales<\/h1>\n\n\n\n<h2 class=\"wp-block-heading\" id=\"subtitle\">Port\u00e9e de l'application<\/h2>\n\n\n\n<p style=\"margin-bottom:var(--wp--preset--spacing--60);font-size:14px;line-height:2\">Les pr\u00e9sentes informations et r\u00e8gles d'utilisation se rapportent au site web www.boostbar.ch et aux autres sites web qui font r\u00e9f\u00e9rence \u00e0 www.boostbar.ch (collectivement, le \"portail\"). Ils sont g\u00e9r\u00e9s par l'entit\u00e9 juridique mentionn\u00e9e dans l'empreinte du portail (ci-apr\u00e8s \"l'op\u00e9rateur\"). Les dispositions sp\u00e9ciales figurant sur le portail concern\u00e9 et sur les autres sites web des entit\u00e9s juridiques de Boostbar SA sont express\u00e9ment r\u00e9serv\u00e9es.<br><br>Les informations ainsi que les r\u00e8gles d'utilisation peuvent \u00eatre modifi\u00e9es \u00e0 tout moment. Les changements sont contraignants.<\/p>\n\n\n\n<h2 class=\"wp-block-heading\" id=\"subtitle\">Propri\u00e9t\u00e9 intellectuelle et autres droits<\/h2>\n\n\n\n<p style=\"margin-bottom:var(--wp--preset--spacing--60);font-size:14px;line-height:2\">Sous r\u00e9serve d'autres r\u00e9glementations, l'op\u00e9rateur est le propri\u00e9taire du portail. Toutes les marques, noms, titres, logos, images, designs, textes et autres mat\u00e9riels utilis\u00e9s sur celui-ci appartiennent \u00e0 Boostbar SA ou \u00e0 un partenaire contractuel de celle-ci. Aucun droit (droits d'utilisation, droits de propri\u00e9t\u00e9 intellectuelle, etc.) n'est acquis en appelant, en t\u00e9l\u00e9chargeant ou en copiant des pages. La reproduction (en tout ou en partie), la transmission (\u00e9lectronique ou par d'autres moyens), la modification, la cr\u00e9ation de liens ou l'utilisation du portail \u00e0 des fins publiques ou commerciales sont interdites sans autorisation \u00e9crite pr\u00e9alable.<\/p>\n\n\n\n<h2 class=\"wp-block-heading\" id=\"subtitle\">Bulletin d'information<\/h2>\n\n\n\n<p style=\"margin-bottom:var(--wp--preset--spacing--60);font-size:14px;line-height:2\">Les newsletters ne sont envoy\u00e9es qu'aux clients qui en font la demande expresse. Les abonnements \u00e0 la newsletter peuvent \u00eatre annul\u00e9s \u00e0 tout moment. Vous trouverez des informations \u00e0 ce sujet dans les newsletters correspondantes.<\/p>\n\n\n\n<h2 class=\"wp-block-heading\" id=\"subtitle\">Clause de non-responsabilit\u00e9<\/h2>\n\n\n\n<p style=\"margin-bottom:var(--wp--preset--spacing--60);font-size:14px;line-height:2\">L'op\u00e9rateur exclut toute responsabilit\u00e9 (y compris en cas de n\u00e9gligence) qui pourrait r\u00e9sulter de l'acc\u00e8s ou de l'impossibilit\u00e9 d'acc\u00e8s au portail ou \u00e0 des \u00e9l\u00e9ments individuels de celui-ci et de leur utilisation. L'acc\u00e8s au portail et son utilisation ainsi que la sauvegarde ou l'archivage des donn\u00e9es transmises ne sont pas garantis.<br><br>Le portail contient des liens vers des sites tiers. Ces sites ne sont pas exploit\u00e9s ou contr\u00f4l\u00e9s par l'op\u00e9rateur. L'op\u00e9rateur d\u00e9cline toute responsabilit\u00e9 quant au contenu et au respect des r\u00e8gles l\u00e9gales de protection des donn\u00e9es par les exploitants des sites li\u00e9s.<\/p>\n\n\n\n<h2 class=\"wp-block-heading\" id=\"subtitle\">Transmission de donn\u00e9es via Internet<\/h2>\n\n\n\n<p style=\"margin-bottom:var(--wp--preset--spacing--60);font-size:14px;line-height:2\">Internet est un r\u00e9seau ouvert accessible \u00e0 tous et n'est donc g\u00e9n\u00e9ralement pas consid\u00e9r\u00e9 comme un environnement s\u00e9curis\u00e9. Bien que les paquets de donn\u00e9es individuels soient g\u00e9n\u00e9ralement transmis sous forme crypt\u00e9e, cela ne s'applique pas \u00e0 l'exp\u00e9diteur et au destinataire. En outre, il est possible pour les donn\u00e9es d'\u00eatre transf\u00e9r\u00e9es \u00e0 l'\u00e9tranger et donc \u00e9ventuellement dans un pays avec un niveau de protection des donn\u00e9es inf\u00e9rieur \u00e0 celui de la Suisse, m\u00eame si l'exp\u00e9diteur et le destinataire sont en Suisse. L'op\u00e9rateur d\u00e9cline toute responsabilit\u00e9 quant \u00e0 la s\u00e9curit\u00e9 des donn\u00e9es lors de leur transmission via Internet.<\/p>\n\n\n\n<h2 class=\"wp-block-heading\" id=\"subtitle\">Traitement des donn\u00e9es personnelles<\/h2>\n\n\n\n<p style=\"margin-bottom:var(--wp--preset--spacing--60);font-size:14px;line-height:2\">Les donn\u00e9es personnelles seront trait\u00e9es conform\u00e9ment \u00e0 notre politique de confidentialit\u00e9.<\/p>\n<\/div>\n <\/div><\/div>","protected":false},"excerpt":{"rendered":"","protected":false},"author":2,"featured_media":0,"parent":0,"menu_order":0,"comment_status":"closed","ping_status":"closed","template":"","meta":{"_gspb_post_css":".gspb_container-id-gsbp-c4bf558{flex-direction:column;box-sizing:border-box}#gspb_container-id-gsbp-c4bf558.gspb_container>p:last-of-type{margin-bottom:0}#gspb_container-id-gsbp-c4bf558.gspb_container{position:relative;background-color:var(--wp--preset--color--palette-color-3, var(--theme-palette-color-3, #1f644f));height:95px}#gspb_row-id-gsbp-233e74c{justify-content:space-between;margin-top:0;margin-bottom:0;display:flex;flex-wrap:wrap}#gspb_row-id-gsbp-233e74c>.gspb_row__content{display:flex;margin:0 auto;width:100%;flex-wrap:wrap;justify-content:center}.gspb_row{position:relative}div[id^=gspb_col-id]{box-sizing:border-box;position:relative;padding:var(--gs-row-column-padding, 15px min(3vw, 20px))}body.gspb-bodyfront #gspb_row-id-gsbp-233e74c>.gspb_row__content{width:var(--theme-container-width, 1200px);max-width:var(--theme-normal-container-max-width, 1200px)}#gspb_col-id-gsbp-a472cc4.gspb_row__col--12{width:100%}@media (max-width:575.98px){#gspb_col-id-gsbp-a472cc4.gspb_row__col--12{width:100%}}body.gspb-bodyfront #gspb_col-id-gsbp-a472cc4.gspb_row__col--12{max-width:640px}","content-type":"","footnotes":""},"class_list":["post-3297","page","type-page","status-publish","hentry"],"blocksy_meta":[],"yoast_head":"<!-- This site is optimized with the Yoast SEO plugin v26.0 - https:\/\/yoast.com\/wordpress\/plugins\/seo\/ -->\n<title>Legal information - Boostbar<\/title>\n<meta name=\"robots\" content=\"index, follow, max-snippet:-1, max-image-preview:large, max-video-preview:-1\" \/>\n<link rel=\"canonical\" href=\"https:\/\/boostinc.lam138.com\/en\/legal-information\/\" \/>\n<meta property=\"og:locale\" content=\"fr_FR\" \/>\n<meta property=\"og:type\" content=\"article\" \/>\n<meta property=\"og:title\" content=\"Legal information - Boostbar\" \/>\n<meta property=\"og:url\" content=\"https:\/\/boostinc.lam138.com\/en\/legal-information\/\" \/>\n<meta property=\"og:site_name\" content=\"Boostbar\" \/>\n<meta property=\"article:modified_time\" content=\"2025-10-06T14:53:34+00:00\" \/>\n<meta name=\"twitter:card\" content=\"summary_large_image\" \/>\n<meta name=\"twitter:label1\" content=\"Dur\u00e9e de lecture estim\u00e9e\" \/>\n\t<meta name=\"twitter:data1\" content=\"2 minutes\" \/>\n<script type=\"application\/ld+json\" class=\"yoast-schema-graph\">{\"@context\":\"https:\/\/schema.org\",\"@graph\":[{\"@type\":\"WebPage\",\"@id\":\"https:\/\/boostinc.lam138.com\/en\/legal-information\/\",\"url\":\"https:\/\/boostinc.lam138.com\/en\/legal-information\/\",\"name\":\"Legal information - Boostbar\",\"isPartOf\":{\"@id\":\"https:\/\/boostbar.ch\/#website\"},\"datePublished\":\"2025-10-06T08:39:56+00:00\",\"dateModified\":\"2025-10-06T14:53:34+00:00\",\"breadcrumb\":{\"@id\":\"https:\/\/boostinc.lam138.com\/en\/legal-information\/#breadcrumb\"},\"inLanguage\":\"fr-FR\",\"potentialAction\":[{\"@type\":\"ReadAction\",\"target\":[\"https:\/\/boostinc.lam138.com\/en\/legal-information\/\"]}]},{\"@type\":\"BreadcrumbList\",\"@id\":\"https:\/\/boostinc.lam138.com\/en\/legal-information\/#breadcrumb\",\"itemListElement\":[{\"@type\":\"ListItem\",\"position\":1,\"name\":\"Home\",\"item\":\"https:\/\/boostbar.ch\/\"},{\"@type\":\"ListItem\",\"position\":2,\"name\":\"Legal information\"}]},{\"@type\":\"WebSite\",\"@id\":\"https:\/\/boostbar.ch\/#website\",\"url\":\"https:\/\/boostbar.ch\/\",\"name\":\"Boostbar\",\"description\":\"Kaffee &amp; Verpflegung. F\u00fcr alle. Jederzeit.\",\"publisher\":{\"@id\":\"https:\/\/boostbar.ch\/#organization\"},\"potentialAction\":[{\"@type\":\"SearchAction\",\"target\":{\"@type\":\"EntryPoint\",\"urlTemplate\":\"https:\/\/boostbar.ch\/?s={search_term_string}\"},\"query-input\":{\"@type\":\"PropertyValueSpecification\",\"valueRequired\":true,\"valueName\":\"search_term_string\"}}],\"inLanguage\":\"fr-FR\"},{\"@type\":\"Organization\",\"@id\":\"https:\/\/boostbar.ch\/#organization\",\"name\":\"Boostbar\",\"url\":\"https:\/\/boostbar.ch\/\",\"logo\":{\"@type\":\"ImageObject\",\"inLanguage\":\"fr-FR\",\"@id\":\"https:\/\/boostbar.ch\/#\/schema\/logo\/image\/\",\"url\":\"https:\/\/boostbar.ch\/wp-content\/uploads\/2025\/08\/logoTextLight.svg?wsr\",\"contentUrl\":\"https:\/\/boostbar.ch\/wp-content\/uploads\/2025\/08\/logoTextLight.svg?wsr\",\"width\":116,\"height\":21,\"caption\":\"Boostbar\"},\"image\":{\"@id\":\"https:\/\/boostbar.ch\/#\/schema\/logo\/image\/\"}}]}<\/script>\n<!-- \/ Yoast SEO plugin. -->","yoast_head_json":{"title":"Informations l\u00e9gales - Boostbar","robots":{"index":"index","follow":"follow","max-snippet":"max-snippet:-1","max-image-preview":"max-image-preview:large","max-video-preview":"max-video-preview:-1"},"canonical":"https:\/\/boostinc.lam138.com\/en\/legal-information\/","og_locale":"fr_FR","og_type":"article","og_title":"Legal information - Boostbar","og_url":"https:\/\/boostinc.lam138.com\/en\/legal-information\/","og_site_name":"Boostbar","article_modified_time":"2025-10-06T14:53:34+00:00","twitter_card":"summary_large_image","twitter_misc":{"Dur\u00e9e de lecture estim\u00e9e":"2 minutes"},"schema":{"@context":"https:\/\/schema.org","@graph":[{"@type":"WebPage","@id":"https:\/\/boostinc.lam138.com\/en\/legal-information\/","url":"https:\/\/boostinc.lam138.com\/en\/legal-information\/","name":"Informations l\u00e9gales - Boostbar","isPartOf":{"@id":"https:\/\/boostbar.ch\/#website"},"datePublished":"2025-10-06T08:39:56+00:00","dateModified":"2025-10-06T14:53:34+00:00","breadcrumb":{"@id":"https:\/\/boostinc.lam138.com\/en\/legal-information\/#breadcrumb"},"inLanguage":"fr-FR","potentialAction":[{"@type":"ReadAction","target":["https:\/\/boostinc.lam138.com\/en\/legal-information\/"]}]},{"@type":"BreadcrumbList","@id":"https:\/\/boostinc.lam138.com\/en\/legal-information\/#breadcrumb","itemListElement":[{"@type":"ListItem","position":1,"name":"Home","item":"https:\/\/boostbar.ch\/"},{"@type":"ListItem","position":2,"name":"Legal information"}]},{"@type":"WebSite","@id":"https:\/\/boostbar.ch\/#website","url":"https:\/\/boostbar.ch\/","name":"Boostbar","description":"Caf\u00e9 et restauration. Pour tous. A tout moment.","publisher":{"@id":"https:\/\/boostbar.ch\/#organization"},"potentialAction":[{"@type":"SearchAction","target":{"@type":"EntryPoint","urlTemplate":"https:\/\/boostbar.ch\/?s={search_term_string}"},"query-input":{"@type":"PropertyValueSpecification","valueRequired":true,"valueName":"search_term_string"}}],"inLanguage":"fr-FR"},{"@type":"Organization","@id":"https:\/\/boostbar.ch\/#organization","name":"Boostbar","url":"https:\/\/boostbar.ch\/","logo":{"@type":"ImageObject","inLanguage":"fr-FR","@id":"https:\/\/boostbar.ch\/#\/schema\/logo\/image\/","url":"https:\/\/boostbar.ch\/wp-content\/uploads\/2025\/08\/logoTextLight.svg?wsr","contentUrl":"https:\/\/boostbar.ch\/wp-content\/uploads\/2025\/08\/logoTextLight.svg?wsr","width":116,"height":21,"caption":"Boostbar"},"image":{"@id":"https:\/\/boostbar.ch\/#\/schema\/logo\/image\/"}}]}},"_links":{"self":[{"href":"https:\/\/boostbar.ch\/fr\/wp-json\/wp\/v2\/pages\/3297","targetHints":{"allow":["GET"]}}],"collection":[{"href":"https:\/\/boostbar.ch\/fr\/wp-json\/wp\/v2\/pages"}],"about":[{"href":"https:\/\/boostbar.ch\/fr\/wp-json\/wp\/v2\/types\/page"}],"author":[{"embeddable":true,"href":"https:\/\/boostbar.ch\/fr\/wp-json\/wp\/v2\/users\/2"}],"replies":[{"embeddable":true,"href":"https:\/\/boostbar.ch\/fr\/wp-json\/wp\/v2\/comments?post=3297"}],"version-history":[{"count":4,"href":"https:\/\/boostbar.ch\/fr\/wp-json\/wp\/v2\/pages\/3297\/revisions"}],"predecessor-version":[{"id":3363,"href":"https:\/\/boostbar.ch\/fr\/wp-json\/wp\/v2\/pages\/3297\/revisions\/3363"}],"wp:attachment":[{"href":"https:\/\/boostbar.ch\/fr\/wp-json\/wp\/v2\/media?parent=3297"}],"curies":[{"name":"wp","href":"https:\/\/api.w.org\/{rel}","templated":true}]}}