{"id":3294,"date":"2025-10-02T13:46:46","date_gmt":"2025-10-02T13:46:46","guid":{"rendered":"https:\/\/boostbar.ch\/?page_id=3294"},"modified":"2025-10-02T13:46:47","modified_gmt":"2025-10-02T13:46:47","slug":"merci-brochure","status":"publish","type":"page","link":"https:\/\/boostbar.ch\/fr\/merci-brochure\/","title":{"rendered":"Merci Brochure"},"content":{"rendered":"<div class=\"wp-block-greenshift-blocks-container alignfull gspb_container gspb_container-gsbp-c4bf558\" id=\"gspb_container-id-gsbp-c4bf558\"><\/div>\n\n\n\n<div class=\"wp-block-greenshift-blocks-container alignfull gspb_container gspb_container-gsbp-49423d8\" id=\"gspb_container-id-gsbp-49423d8\">\n<div style=\"height:70px\" aria-hidden=\"true\" class=\"wp-block-spacer\"><\/div>\n\n\n\n<div class=\"wp-block-greenshift-blocks-row alignwide gspb_row gspb_row-id-gsbp-afb4316\" id=\"gspb_row-id-gsbp-afb4316\"><div class=\"gspb_row__content\"> \n<div class=\"wp-block-greenshift-blocks-row-column gspb_row__col--12 gspb_col-id-gsbp-60ba34a\" id=\"gspb_col-id-gsbp-60ba34a\">\n<div class=\"wp-block-greenshift-blocks-container gspb_container gspb_container-gsbp-9a867e4\" id=\"gspb_container-id-gsbp-9a867e4\">\n<div id=\"gspb_text-id-gsbp-dc9ffc7\" class=\"gspb_text gspb_text-id-gsbp-dc9ffc7\">Merci de votre int\u00e9r\u00eat !<br><\/div>\n\n\n\n<div id=\"gspb_text-id-gsbp-c2ceb69\" class=\"gspb_text gspb_text-id-gsbp-c2ceb69\">T\u00e9l\u00e9chargez notre brochure en cliquant sur le bouton ci-dessous et d\u00e9couvrez comment nous pouvons concevoir ensemble votre restauration.<\/div>\n\n\n\n<div class=\"gspb_button_wrapper gspb_button-id-gsbp-d8605c1\" id=\"gspb_button-id-gsbp-d8605c1\"><a class=\"wp-block-greenshift-blocks-buttonbox gspb-buttonbox wp-element-button  withArrow\" href=\"https:\/\/crm.boostbar.ch\/e3t\/Ctc\/RI+113\/cZbCt04\/VWTT8d1MkfNgW5htNn714vdNcW6cqVBw5D9XW0N8rPF4z5nR3bW5BWr2F6lZ3nfW29Xk8d4zX8-SW74d3Xz1-hwkDVNNPzT2ZTyPRMW0pGTNrX9gN6g4Rc-4pWjfW7-C1Rc6XRtwtW42vwrC1CS4qvW7M921m10nT9KW2npJMJ2b1wG1W80zDwL8BjCfWN8tqN-7Vll83W7DBJqt28KvvkW3C3SWt4qpT3JW8hGm_950wBFmW64dwYT6Np8m2W4PZD-t3P4P-5W8TG-4c8H69v2W6sKHtJ5GdSTgW75dNWF8SGfqyW6_8q5Y6v6hyVVM6pFN5d-zPBW2fY4Ct6-FtV8W7cb68l3tvSMdW8zh8ty2TYJYVW6CVbxv8x5DTbW1BX8P41sX5pKN81bdXXLXN6NW3Gmz2S3Z8nG6W6XHKXZ23WY5PW36qCcR1QQ70yN6__sMQsw7G8W8pPNdh2FL-lvW2jpszB1FK34sW1DMJwl7XWFPRf7tlR4s04\" target=\"_blank\" rel=\"noopener\"><span class=\"gspb-buttonbox-textwrap\"><span class=\"gspb-buttonbox-text\"><span class=\"gspb-buttonbox-title\">T\u00e9l\u00e9charger la brochure<\/span><\/span><\/span><\/a><\/div>\n<\/div>\n<\/div>\n <\/div><\/div>\n<\/div>\n\n\n\n<div style=\"height:100px\" aria-hidden=\"true\" class=\"wp-block-spacer\"><\/div>","protected":false},"excerpt":{"rendered":"","protected":false},"author":1,"featured_media":0,"parent":0,"menu_order":0,"comment_status":"closed","ping_status":"closed","template":"","meta":{"_gspb_post_css":".gspb_container-id-gsbp-49423d8,.gspb_container-id-gsbp-c4bf558{flex-direction:column;box-sizing:border-box}#gspb_container-id-gsbp-49423d8.gspb_container>p:last-of-type,#gspb_container-id-gsbp-9a867e4.gspb_container>p:last-of-type,#gspb_container-id-gsbp-c4bf558.gspb_container>p:last-of-type{margin-bottom:0}#gspb_container-id-gsbp-c4bf558.gspb_container{position:relative;background-color:var(--wp--preset--color--palette-color-3, var(--theme-palette-color-3, #1f644f));height:95px}#gspb_container-id-gsbp-49423d8.gspb_container{position:relative;display:block;padding:0}#gspb_container-id-gsbp-49423d8.gspb_container,#gspb_container-id-gsbp-49423d8.gspb_container>.gspb_backgroundOverlay{border-top-left-radius:20px;border-top-right-radius:20px;border-bottom-right-radius:20px;border-bottom-left-radius:20px}#gspb_row-id-gsbp-afb4316{justify-content:space-between;margin-top:0;margin-bottom:0;display:flex;flex-wrap:wrap;align-content:flex-start}#gspb_row-id-gsbp-afb4316>.gspb_row__content{display:flex;justify-content:space-between;margin:0 auto;width:100%;flex-wrap:wrap;align-items:flex-start}.gspb_row{position:relative}div[id^=gspb_col-id]{box-sizing:border-box;position:relative;padding:var(--gs-row-column-padding, 15px min(3vw, 20px))}body.gspb-bodyfront #gspb_row-id-gsbp-afb4316>.gspb_row__content{width:var(--theme-container-width, 1200px);max-width:var(--theme-normal-container-max-width, 1200px)}#gspb_col-id-gsbp-60ba34a.gspb_row__col--12{width:100%}@media (max-width:575.98px){#gspb_col-id-gsbp-60ba34a.gspb_row__col--12{width:100%;visibility:visible}}.gspb_container-id-gsbp-9a867e4{flex-direction:column;box-sizing:border-box}#gspb_container-id-gsbp-9a867e4.gspb_container{position:relative}body.gspb-bodyfront #gspb_container-id-gsbp-9a867e4.gspb_container{max-width:800px;margin:0 auto}#gspb_button-id-gsbp-d8605c1{display:flex;justify-content:flex-start}#gspb_button-id-gsbp-d8605c1 .gspb-buttonbox-text{display:flex;flex-direction:column}#gspb_button-id-gsbp-d8605c1>.gspb-buttonbox{box-sizing:border-box;margin-top:30px}.gspb_text-id-gsbp-c2ceb69{font-size:20px}","content-type":"","footnotes":""},"class_list":["post-3294","page","type-page","status-publish","hentry"],"blocksy_meta":[],"yoast_head":"<!-- This site is optimized with the Yoast SEO plugin v26.0 - https:\/\/yoast.com\/wordpress\/plugins\/seo\/ -->\n<title>Danke Brochure - Boostbar<\/title>\n<meta name=\"description\" content=\"Boostbar einfach mal probieren oder weitere Informationen erhalten? Jetzt Formular ausf\u00fcllen \u2013\u00a0wir freuen uns, von Ihnen zu h\u00f6ren.\" \/>\n<meta name=\"robots\" content=\"index, follow, max-snippet:-1, max-image-preview:large, max-video-preview:-1\" \/>\n<link rel=\"canonical\" href=\"https:\/\/boostbar.ch\/fr\/merci-brochure\/\" \/>\n<meta property=\"og:locale\" content=\"fr_FR\" \/>\n<meta property=\"og:type\" content=\"article\" \/>\n<meta property=\"og:title\" content=\"Danke Brochure - Boostbar\" \/>\n<meta property=\"og:description\" content=\"Boostbar einfach mal probieren oder weitere Informationen erhalten? Jetzt Formular ausf\u00fcllen \u2013\u00a0wir freuen uns, von Ihnen zu h\u00f6ren.\" \/>\n<meta property=\"og:url\" content=\"https:\/\/boostbar.ch\/fr\/merci-brochure\/\" \/>\n<meta property=\"og:site_name\" content=\"Boostbar\" \/>\n<meta property=\"article:modified_time\" content=\"2025-10-02T13:46:47+00:00\" \/>\n<meta name=\"twitter:card\" content=\"summary_large_image\" \/>\n<meta name=\"twitter:label1\" content=\"Dur\u00e9e de lecture estim\u00e9e\" \/>\n\t<meta name=\"twitter:data1\" content=\"1 minute\" \/>\n<script type=\"application\/ld+json\" class=\"yoast-schema-graph\">{\"@context\":\"https:\/\/schema.org\",\"@graph\":[{\"@type\":\"WebPage\",\"@id\":\"https:\/\/boostbar.ch\/danke-brochure\/\",\"url\":\"https:\/\/boostbar.ch\/danke-brochure\/\",\"name\":\"Danke Brochure - Boostbar\",\"isPartOf\":{\"@id\":\"https:\/\/boostbar.ch\/#website\"},\"datePublished\":\"2025-10-02T13:46:46+00:00\",\"dateModified\":\"2025-10-02T13:46:47+00:00\",\"description\":\"Boostbar einfach mal probieren oder weitere Informationen erhalten? Jetzt Formular ausf\u00fcllen \u2013\u00a0wir freuen uns, von Ihnen zu h\u00f6ren.\",\"breadcrumb\":{\"@id\":\"https:\/\/boostbar.ch\/danke-brochure\/#breadcrumb\"},\"inLanguage\":\"fr-FR\",\"potentialAction\":[{\"@type\":\"ReadAction\",\"target\":[\"https:\/\/boostbar.ch\/danke-brochure\/\"]}]},{\"@type\":\"BreadcrumbList\",\"@id\":\"https:\/\/boostbar.ch\/danke-brochure\/#breadcrumb\",\"itemListElement\":[{\"@type\":\"ListItem\",\"position\":1,\"name\":\"Home\",\"item\":\"https:\/\/boostbar.ch\/\"},{\"@type\":\"ListItem\",\"position\":2,\"name\":\"Danke Brochure\"}]},{\"@type\":\"WebSite\",\"@id\":\"https:\/\/boostbar.ch\/#website\",\"url\":\"https:\/\/boostbar.ch\/\",\"name\":\"Boostbar\",\"description\":\"Kaffee &amp; Verpflegung. F\u00fcr alle. Jederzeit.\",\"publisher\":{\"@id\":\"https:\/\/boostbar.ch\/#organization\"},\"potentialAction\":[{\"@type\":\"SearchAction\",\"target\":{\"@type\":\"EntryPoint\",\"urlTemplate\":\"https:\/\/boostbar.ch\/?s={search_term_string}\"},\"query-input\":{\"@type\":\"PropertyValueSpecification\",\"valueRequired\":true,\"valueName\":\"search_term_string\"}}],\"inLanguage\":\"fr-FR\"},{\"@type\":\"Organization\",\"@id\":\"https:\/\/boostbar.ch\/#organization\",\"name\":\"Boostbar\",\"url\":\"https:\/\/boostbar.ch\/\",\"logo\":{\"@type\":\"ImageObject\",\"inLanguage\":\"fr-FR\",\"@id\":\"https:\/\/boostbar.ch\/#\/schema\/logo\/image\/\",\"url\":\"https:\/\/boostbar.ch\/wp-content\/uploads\/2025\/08\/logoTextLight.svg?wsr\",\"contentUrl\":\"https:\/\/boostbar.ch\/wp-content\/uploads\/2025\/08\/logoTextLight.svg?wsr\",\"width\":116,\"height\":21,\"caption\":\"Boostbar\"},\"image\":{\"@id\":\"https:\/\/boostbar.ch\/#\/schema\/logo\/image\/\"}}]}<\/script>\n<!-- \/ Yoast SEO plugin. -->","yoast_head_json":{"title":"Merci Brochure - Boostbar","description":"Essayer Boostbar ou obtenir plus d'informations ? Remplissez le formulaire maintenant - nous nous r\u00e9jouissons d'avoir de vos nouvelles.","robots":{"index":"index","follow":"follow","max-snippet":"max-snippet:-1","max-image-preview":"max-image-preview:large","max-video-preview":"max-video-preview:-1"},"canonical":"https:\/\/boostbar.ch\/fr\/merci-brochure\/","og_locale":"fr_FR","og_type":"article","og_title":"Danke Brochure - Boostbar","og_description":"Boostbar einfach mal probieren oder weitere Informationen erhalten? Jetzt Formular ausf\u00fcllen \u2013\u00a0wir freuen uns, von Ihnen zu h\u00f6ren.","og_url":"https:\/\/boostbar.ch\/fr\/merci-brochure\/","og_site_name":"Boostbar","article_modified_time":"2025-10-02T13:46:47+00:00","twitter_card":"summary_large_image","twitter_misc":{"Dur\u00e9e de lecture estim\u00e9e":"1 minute"},"schema":{"@context":"https:\/\/schema.org","@graph":[{"@type":"WebPage","@id":"https:\/\/boostbar.ch\/danke-brochure\/","url":"https:\/\/boostbar.ch\/danke-brochure\/","name":"Merci Brochure - Boostbar","isPartOf":{"@id":"https:\/\/boostbar.ch\/#website"},"datePublished":"2025-10-02T13:46:46+00:00","dateModified":"2025-10-02T13:46:47+00:00","description":"Essayer Boostbar ou obtenir plus d'informations ? Remplissez le formulaire maintenant - nous nous r\u00e9jouissons d'avoir de vos nouvelles.","breadcrumb":{"@id":"https:\/\/boostbar.ch\/danke-brochure\/#breadcrumb"},"inLanguage":"fr-FR","potentialAction":[{"@type":"ReadAction","target":["https:\/\/boostbar.ch\/danke-brochure\/"]}]},{"@type":"BreadcrumbList","@id":"https:\/\/boostbar.ch\/danke-brochure\/#breadcrumb","itemListElement":[{"@type":"ListItem","position":1,"name":"Home","item":"https:\/\/boostbar.ch\/"},{"@type":"ListItem","position":2,"name":"Danke Brochure"}]},{"@type":"WebSite","@id":"https:\/\/boostbar.ch\/#website","url":"https:\/\/boostbar.ch\/","name":"Boostbar","description":"Caf\u00e9 et restauration. Pour tous. A tout moment.","publisher":{"@id":"https:\/\/boostbar.ch\/#organization"},"potentialAction":[{"@type":"SearchAction","target":{"@type":"EntryPoint","urlTemplate":"https:\/\/boostbar.ch\/?s={search_term_string}"},"query-input":{"@type":"PropertyValueSpecification","valueRequired":true,"valueName":"search_term_string"}}],"inLanguage":"fr-FR"},{"@type":"Organization","@id":"https:\/\/boostbar.ch\/#organization","name":"Boostbar","url":"https:\/\/boostbar.ch\/","logo":{"@type":"ImageObject","inLanguage":"fr-FR","@id":"https:\/\/boostbar.ch\/#\/schema\/logo\/image\/","url":"https:\/\/boostbar.ch\/wp-content\/uploads\/2025\/08\/logoTextLight.svg?wsr","contentUrl":"https:\/\/boostbar.ch\/wp-content\/uploads\/2025\/08\/logoTextLight.svg?wsr","width":116,"height":21,"caption":"Boostbar"},"image":{"@id":"https:\/\/boostbar.ch\/#\/schema\/logo\/image\/"}}]}},"_links":{"self":[{"href":"https:\/\/boostbar.ch\/fr\/wp-json\/wp\/v2\/pages\/3294","targetHints":{"allow":["GET"]}}],"collection":[{"href":"https:\/\/boostbar.ch\/fr\/wp-json\/wp\/v2\/pages"}],"about":[{"href":"https:\/\/boostbar.ch\/fr\/wp-json\/wp\/v2\/types\/page"}],"author":[{"embeddable":true,"href":"https:\/\/boostbar.ch\/fr\/wp-json\/wp\/v2\/users\/1"}],"replies":[{"embeddable":true,"href":"https:\/\/boostbar.ch\/fr\/wp-json\/wp\/v2\/comments?post=3294"}],"version-history":[{"count":1,"href":"https:\/\/boostbar.ch\/fr\/wp-json\/wp\/v2\/pages\/3294\/revisions"}],"predecessor-version":[{"id":3295,"href":"https:\/\/boostbar.ch\/fr\/wp-json\/wp\/v2\/pages\/3294\/revisions\/3295"}],"wp:attachment":[{"href":"https:\/\/boostbar.ch\/fr\/wp-json\/wp\/v2\/media?parent=3294"}],"curies":[{"name":"wp","href":"https:\/\/api.w.org\/{rel}","templated":true}]}}