{"id":2331,"date":"2025-09-18T15:33:46","date_gmt":"2025-09-18T15:33:46","guid":{"rendered":"https:\/\/boostinc.lam138.com\/?page_id=2331"},"modified":"2025-10-06T14:53:58","modified_gmt":"2025-10-06T14:53:58","slug":"termes-de-service-application-mobile","status":"publish","type":"page","link":"https:\/\/boostbar.ch\/fr\/termes-de-service-application-mobile\/","title":{"rendered":"Conditions de service"},"content":{"rendered":"<div class=\"wp-block-greenshift-blocks-container alignfull gspb_container gspb_container-gsbp-c4bf558\" id=\"gspb_container-id-gsbp-c4bf558\"><\/div>\n\n\n\n<div style=\"height:100px\" aria-hidden=\"true\" class=\"wp-block-spacer\"><\/div>\n\n\n\n<div class=\"wp-block-greenshift-blocks-row gspb_row gspb_row-id-gsbp-bc68782\" id=\"gspb_row-id-gsbp-bc68782\"><div class=\"gspb_row__content\"> \n<div class=\"wp-block-greenshift-blocks-row-column gspb_row__col--12 gspb_col-id-gsbp-c7ad5fc\" id=\"gspb_col-id-gsbp-c7ad5fc\">\n<h1 class=\"wp-block-heading\" id=\"subtitle\">Terms of Service for Boostbar AG<\/h1>\n\n\n\n<h2 class=\"wp-block-heading\" id=\"subtitle\">Derni\u00e8re mise \u00e0 jour : 28th November 2023<\/h2>\n\n\n\n<p style=\"margin-bottom:var(--wp--preset--spacing--60);font-size:14px;line-height:2\">Bienvenue sur l'application mobile de Boostbar AG (Boostbar). Les pr\u00e9sentes conditions g\u00e9n\u00e9rales de service (\"Conditions\") exposent les r\u00e8gles et r\u00e9glementations relatives \u00e0 l'utilisation de notre application mobile et de nos services. En acc\u00e9dant \u00e0 l'application mobile de Boostbar ou en l'utilisant, vous acceptez de vous conformer \u00e0 ces conditions et d'\u00eatre li\u00e9 par elles. Si tu n'es pas d'accord avec une partie quelconque de ces conditions, tu ne peux pas utiliser nos services.<\/p>\n\n\n\n<h2 class=\"wp-block-heading\" id=\"subtitle\">Acceptation des termes :<\/h2>\n\n\n\n<p style=\"margin-bottom:var(--wp--preset--spacing--60);font-size:14px;line-height:2\">En utilisant l'application Boostbar, vous acceptez de vous conformer aux pr\u00e9sentes conditions g\u00e9n\u00e9rales et \u00e0 toutes les conditions g\u00e9n\u00e9rales suppl\u00e9mentaires qui peuvent s'appliquer \u00e0 des fonctionnalit\u00e9s ou services sp\u00e9cifiques.<\/p>\n\n\n\n<h2 class=\"wp-block-heading\" id=\"registration-and-account-security-1\">Enregistrement et s\u00e9curit\u00e9 des comptes :<\/h2>\n\n\n\n<p style=\"margin-bottom:var(--wp--preset--spacing--60);font-size:14px;line-height:2\">Vous devez fournir des informations exactes et compl\u00e8tes lors de la proc\u00e9dure d'inscription.<br><br>Dans le cadre du processus d'inscription, Boostbar peut envoyer un message SMS unique pour v\u00e9rifier votre num\u00e9ro de t\u00e9l\u00e9phone. En t'inscrivant, tu acceptes de recevoir de tels messages ; les taux de messages et de donn\u00e9es peuvent s'appliquer.<br><br>Vous \u00eates responsable du maintien de la confidentialit\u00e9 des informations relatives \u00e0 votre compte.<br><br>Nous informer imm\u00e9diatement si vous constatez une utilisation non autoris\u00e9e de votre compte.<\/p>\n\n\n\n<h2 class=\"wp-block-heading\" id=\"wallet-and-payment-services-1\">Portefeuille et services de paiement :<\/h2>\n\n\n\n<p style=\"margin-bottom:var(--wp--preset--spacing--60);font-size:14px;line-height:2\">Boostbar propose une fonctionnalit\u00e9 de portefeuille qui permet aux utilisateurs d'accumuler des fonds et de faire des achats par le biais de l'application mobile sur les appareils de vente au d\u00e9tail pris en charge.<br><br>Les utilisateurs peuvent remplir leur portefeuille \u00e0 l'aide de diff\u00e9rentes m\u00e9thodes de paiement disponibles dans l'application.<\/p>\n\n\n\n<h2 class=\"wp-block-heading\" id=\"user-conduct-1\">Conduite de l'utilisateur :<\/h2>\n\n\n\n<p style=\"margin-bottom:var(--wp--preset--spacing--60);font-size:14px;line-height:2\">Les utilisateurs ne sont pas autoris\u00e9s \u00e0 s'engager dans une activit\u00e9 qui enfreint les pr\u00e9sentes conditions, y compris l'utilisation frauduleuse ou non autoris\u00e9e de l'application.<br><br>Les utilisateurs ne doivent pas interf\u00e9rer avec le bon fonctionnement de l'application, tenter d'inverser l'ing\u00e9nierie ou tenter d'acc\u00e9der \u00e0 des zones non autoris\u00e9es.<\/p>\n\n\n\n<h2 class=\"wp-block-heading\" id=\"top-up-transactions-1\">Transactions de haut niveau :<\/h2>\n\n\n\n<p style=\"margin-bottom:var(--wp--preset--spacing--60);font-size:14px;line-height:2\">Lorsque vous remplissez votre portefeuille, vous acceptez de payer le montant sp\u00e9cifi\u00e9 en utilisant la m\u00e9thode de paiement choisie.<br><br>Les transactions en amont sont finales et non remboursables, sauf mention contraire dans notre politique de remboursement.<\/p>\n\n\n\n<h2 class=\"wp-block-heading\" id=\"purchases-1\">Achats :<\/h2>\n\n\n\n<p style=\"margin-bottom:var(--wp--preset--spacing--60);font-size:14px;line-height:2\">En effectuant un achat via l'application mobile de Boostbar, vous acceptez de payer le montant sp\u00e9cifi\u00e9 pour le produit ou le service s\u00e9lectionn\u00e9.<br><br>Les achats sont finaux et les remboursements sont soumis \u00e0 notre politique de remboursement.<br><br>Dans le cas o\u00f9 un produit ne serait pas dispens\u00e9 avec succ\u00e8s ou si vous n'arrivez pas \u00e0 le r\u00e9cup\u00e9rer en raison d'un dysfonctionnement technique, un remboursement sera automatiquement \u00e9mis. Si ce n'est pas le cas, vous pouvez en faire la demande en suivant les instructions de notre politique de remboursement ou en nous contactant directement.<\/p>\n\n\n\n<h2 class=\"wp-block-heading\" id=\"intellectual-property-1\">Propri\u00e9t\u00e9 intellectuelle :<\/h2>\n\n\n\n<p style=\"margin-bottom:var(--wp--preset--spacing--60);font-size:14px;line-height:2\">L'application mobile de Boostbar et son contenu sont prot\u00e9g\u00e9s par les lois sur la propri\u00e9t\u00e9 intellectuelle. Vous ne pouvez pas reproduire, distribuer ou cr\u00e9er des \u0153uvres d\u00e9riv\u00e9es sans notre autorisation.<\/p>\n\n\n\n<h2 class=\"wp-block-heading\" id=\"privacy-policy-1\">Politique de confidentialit\u00e9 :<\/h2>\n\n\n\n<p style=\"margin-bottom:var(--wp--preset--spacing--60);font-size:14px;line-height:2\">Notre politique de confidentialit\u00e9 d\u00e9finit la mani\u00e8re dont nous collectons, utilisons et divulguons vos informations personnelles. En utilisant nos services, vous acceptez notre Politique de confidentialit\u00e9.<\/p>\n\n\n\n<h2 class=\"wp-block-heading\" id=\"changes-to-terms-1\">Modifications des conditions :<\/h2>\n\n\n\n<p style=\"margin-bottom:var(--wp--preset--spacing--60);font-size:14px;line-height:2\">Nous nous r\u00e9servons le droit de modifier ces conditions \u00e0 tout moment. Les conditions mises \u00e0 jour entreront en vigueur d\u00e8s leur publication, et votre utilisation continue de l'application vaut acceptation des conditions modifi\u00e9es.<\/p>\n\n\n\n<h2 class=\"wp-block-heading\" id=\"termination-1\">Terminaison :<\/h2>\n\n\n\n<p style=\"margin-bottom:var(--wp--preset--spacing--60);font-size:14px;line-height:2\">Nous pouvons r\u00e9silier ou suspendre ton compte sans pr\u00e9avis si tu enfreins les pr\u00e9sentes Conditions ou si tu t'engages dans des comportements que nous estimons pr\u00e9judiciables \u00e0 Boostbar AG ou \u00e0 d'autres utilisateurs.<br><br>Nous suspendrons votre compte si vous \u00eates surcharg\u00e9 ou si nous d\u00e9tectons une activit\u00e9 suspecte, y compris, mais sans s'y limiter, la collecte non autoris\u00e9e d'articles sur nos dispositifs de vente au d\u00e9tail.<\/p>\n\n\n\n<h2 class=\"wp-block-heading\" id=\"contact-information-1\">Informations de contact :<\/h2>\n\n\n\n<p style=\"margin-bottom:var(--wp--preset--spacing--60);font-size:14px;line-height:2\">Pour toute question ou pr\u00e9occupation concernant ces termes, veuillez nous contacter \u00e0 hello@boostbar.ch ou au +41 44 545 27 45.<br><br>Merci d'utiliser notre application !<\/p>\n<\/div>\n <\/div><\/div>\n\n\n\n<div class=\"wp-block-greenshift-blocks-row gspb_row gspb_row-id-gsbp-233e74c\" id=\"gspb_row-id-gsbp-233e74c\"><div class=\"gspb_row__content\">  <\/div><\/div>","protected":false},"excerpt":{"rendered":"","protected":false},"author":2,"featured_media":0,"parent":0,"menu_order":0,"comment_status":"closed","ping_status":"closed","template":"","meta":{"_gspb_post_css":".gspb_container-id-gsbp-c4bf558{flex-direction:column;box-sizing:border-box}#gspb_container-id-gsbp-c4bf558.gspb_container>p:last-of-type{margin-bottom:0}#gspb_container-id-gsbp-c4bf558.gspb_container{position:relative;background-color:var(--wp--preset--color--palette-color-3, var(--theme-palette-color-3, #1f644f));height:95px}#gspb_row-id-gsbp-bc68782>.gspb_row__content{display:flex;margin:0 auto;width:100%;flex-wrap:wrap;justify-content:center}.gspb_row{position:relative}div[id^=gspb_col-id]{box-sizing:border-box;position:relative;padding:var(--gs-row-column-padding, 15px min(3vw, 20px))}body.gspb-bodyfront #gspb_row-id-gsbp-bc68782>.gspb_row__content{width:var(--theme-container-width, 1200px);max-width:var(--theme-normal-container-max-width, 1200px)}#gspb_col-id-gsbp-c7ad5fc.gspb_row__col--12{width:100%}@media (max-width:575.98px){#gspb_col-id-gsbp-c7ad5fc.gspb_row__col--12{width:100%}}body.gspb-bodyfront #gspb_col-id-gsbp-c7ad5fc.gspb_row__col--12{max-width:640px}#gspb_row-id-gsbp-233e74c,#gspb_row-id-gsbp-bc68782{justify-content:space-between;margin-top:0;margin-bottom:0;display:flex;flex-wrap:wrap}#gspb_row-id-gsbp-233e74c>.gspb_row__content{display:flex;margin:0 auto;width:100%;flex-wrap:wrap;justify-content:center}body.gspb-bodyfront #gspb_row-id-gsbp-233e74c>.gspb_row__content{width:var(--theme-container-width, 1200px);max-width:var(--theme-normal-container-max-width, 1200px)}","content-type":"","footnotes":""},"class_list":["post-2331","page","type-page","status-publish","hentry"],"blocksy_meta":[],"yoast_head":"<!-- This site is optimized with the Yoast SEO plugin v26.0 - https:\/\/yoast.com\/wordpress\/plugins\/seo\/ -->\n<title>Terms of Service - Boostbar<\/title>\n<meta name=\"robots\" content=\"index, follow, max-snippet:-1, max-image-preview:large, max-video-preview:-1\" \/>\n<link rel=\"canonical\" href=\"https:\/\/boostbar.ch\/fr\/termes-de-service-application-mobile\/\" \/>\n<meta property=\"og:locale\" content=\"fr_FR\" \/>\n<meta property=\"og:type\" content=\"article\" \/>\n<meta property=\"og:title\" content=\"Terms of Service - Boostbar\" \/>\n<meta property=\"og:url\" content=\"https:\/\/boostbar.ch\/fr\/termes-de-service-application-mobile\/\" \/>\n<meta property=\"og:site_name\" content=\"Boostbar\" \/>\n<meta property=\"article:modified_time\" content=\"2025-10-06T14:53:58+00:00\" \/>\n<meta name=\"twitter:card\" content=\"summary_large_image\" \/>\n<meta name=\"twitter:label1\" content=\"Dur\u00e9e de lecture estim\u00e9e\" \/>\n\t<meta name=\"twitter:data1\" content=\"3 minutes\" \/>\n<script type=\"application\/ld+json\" class=\"yoast-schema-graph\">{\"@context\":\"https:\/\/schema.org\",\"@graph\":[{\"@type\":\"WebPage\",\"@id\":\"https:\/\/boostbar.ch\/fr\/termes-de-service-application-mobile\/\",\"url\":\"https:\/\/boostbar.ch\/fr\/termes-de-service-application-mobile\/\",\"name\":\"Terms of Service - Boostbar\",\"isPartOf\":{\"@id\":\"https:\/\/boostbar.ch\/it\/#website\"},\"datePublished\":\"2025-09-18T15:33:46+00:00\",\"dateModified\":\"2025-10-06T14:53:58+00:00\",\"breadcrumb\":{\"@id\":\"https:\/\/boostbar.ch\/fr\/termes-de-service-application-mobile\/#breadcrumb\"},\"inLanguage\":\"fr-FR\",\"potentialAction\":[{\"@type\":\"ReadAction\",\"target\":[\"https:\/\/boostbar.ch\/fr\/termes-de-service-application-mobile\/\"]}]},{\"@type\":\"BreadcrumbList\",\"@id\":\"https:\/\/boostbar.ch\/fr\/termes-de-service-application-mobile\/#breadcrumb\",\"itemListElement\":[{\"@type\":\"ListItem\",\"position\":1,\"name\":\"Home\",\"item\":\"https:\/\/boostbar.ch\/it\/\"},{\"@type\":\"ListItem\",\"position\":2,\"name\":\"Terms of Service\"}]},{\"@type\":\"WebSite\",\"@id\":\"https:\/\/boostbar.ch\/it\/#website\",\"url\":\"https:\/\/boostbar.ch\/it\/\",\"name\":\"Boostbar\",\"description\":\"Kaffee &amp; Verpflegung. F\u00fcr alle. Jederzeit.\",\"publisher\":{\"@id\":\"https:\/\/boostbar.ch\/it\/#organization\"},\"potentialAction\":[{\"@type\":\"SearchAction\",\"target\":{\"@type\":\"EntryPoint\",\"urlTemplate\":\"https:\/\/boostbar.ch\/it\/?s={search_term_string}\"},\"query-input\":{\"@type\":\"PropertyValueSpecification\",\"valueRequired\":true,\"valueName\":\"search_term_string\"}}],\"inLanguage\":\"fr-FR\"},{\"@type\":\"Organization\",\"@id\":\"https:\/\/boostbar.ch\/it\/#organization\",\"name\":\"Boostbar\",\"url\":\"https:\/\/boostbar.ch\/it\/\",\"logo\":{\"@type\":\"ImageObject\",\"inLanguage\":\"fr-FR\",\"@id\":\"https:\/\/boostbar.ch\/it\/#\/schema\/logo\/image\/\",\"url\":\"https:\/\/boostbar.ch\/wp-content\/uploads\/2025\/08\/logoTextLight.svg?wsr\",\"contentUrl\":\"https:\/\/boostbar.ch\/wp-content\/uploads\/2025\/08\/logoTextLight.svg?wsr\",\"width\":116,\"height\":21,\"caption\":\"Boostbar\"},\"image\":{\"@id\":\"https:\/\/boostbar.ch\/it\/#\/schema\/logo\/image\/\"}}]}<\/script>\n<!-- \/ Yoast SEO plugin. -->","yoast_head_json":{"title":"Termes de service - Boostbar","robots":{"index":"index","follow":"follow","max-snippet":"max-snippet:-1","max-image-preview":"max-image-preview:large","max-video-preview":"max-video-preview:-1"},"canonical":"https:\/\/boostbar.ch\/fr\/termes-de-service-application-mobile\/","og_locale":"fr_FR","og_type":"article","og_title":"Terms of Service - Boostbar","og_url":"https:\/\/boostbar.ch\/fr\/termes-de-service-application-mobile\/","og_site_name":"Boostbar","article_modified_time":"2025-10-06T14:53:58+00:00","twitter_card":"summary_large_image","twitter_misc":{"Dur\u00e9e de lecture estim\u00e9e":"3 minutes"},"schema":{"@context":"https:\/\/schema.org","@graph":[{"@type":"WebPage","@id":"https:\/\/boostbar.ch\/fr\/termes-de-service-application-mobile\/","url":"https:\/\/boostbar.ch\/fr\/termes-de-service-application-mobile\/","name":"Termes de service - Boostbar","isPartOf":{"@id":"https:\/\/boostbar.ch\/it\/#website"},"datePublished":"2025-09-18T15:33:46+00:00","dateModified":"2025-10-06T14:53:58+00:00","breadcrumb":{"@id":"https:\/\/boostbar.ch\/fr\/termes-de-service-application-mobile\/#breadcrumb"},"inLanguage":"fr-FR","potentialAction":[{"@type":"ReadAction","target":["https:\/\/boostbar.ch\/fr\/termes-de-service-application-mobile\/"]}]},{"@type":"BreadcrumbList","@id":"https:\/\/boostbar.ch\/fr\/termes-de-service-application-mobile\/#breadcrumb","itemListElement":[{"@type":"ListItem","position":1,"name":"Home","item":"https:\/\/boostbar.ch\/it\/"},{"@type":"ListItem","position":2,"name":"Terms of Service"}]},{"@type":"WebSite","@id":"https:\/\/boostbar.ch\/it\/#website","url":"https:\/\/boostbar.ch\/it\/","name":"Boostbar","description":"Caf\u00e9 et restauration. Pour tous. A tout moment.","publisher":{"@id":"https:\/\/boostbar.ch\/it\/#organization"},"potentialAction":[{"@type":"SearchAction","target":{"@type":"EntryPoint","urlTemplate":"https:\/\/boostbar.ch\/it\/?s={search_term_string}"},"query-input":{"@type":"PropertyValueSpecification","valueRequired":true,"valueName":"search_term_string"}}],"inLanguage":"fr-FR"},{"@type":"Organization","@id":"https:\/\/boostbar.ch\/it\/#organization","name":"Boostbar","url":"https:\/\/boostbar.ch\/it\/","logo":{"@type":"ImageObject","inLanguage":"fr-FR","@id":"https:\/\/boostbar.ch\/it\/#\/schema\/logo\/image\/","url":"https:\/\/boostbar.ch\/wp-content\/uploads\/2025\/08\/logoTextLight.svg?wsr","contentUrl":"https:\/\/boostbar.ch\/wp-content\/uploads\/2025\/08\/logoTextLight.svg?wsr","width":116,"height":21,"caption":"Boostbar"},"image":{"@id":"https:\/\/boostbar.ch\/it\/#\/schema\/logo\/image\/"}}]}},"_links":{"self":[{"href":"https:\/\/boostbar.ch\/fr\/wp-json\/wp\/v2\/pages\/2331","targetHints":{"allow":["GET"]}}],"collection":[{"href":"https:\/\/boostbar.ch\/fr\/wp-json\/wp\/v2\/pages"}],"about":[{"href":"https:\/\/boostbar.ch\/fr\/wp-json\/wp\/v2\/types\/page"}],"author":[{"embeddable":true,"href":"https:\/\/boostbar.ch\/fr\/wp-json\/wp\/v2\/users\/2"}],"replies":[{"embeddable":true,"href":"https:\/\/boostbar.ch\/fr\/wp-json\/wp\/v2\/comments?post=2331"}],"version-history":[{"count":9,"href":"https:\/\/boostbar.ch\/fr\/wp-json\/wp\/v2\/pages\/2331\/revisions"}],"predecessor-version":[{"id":3368,"href":"https:\/\/boostbar.ch\/fr\/wp-json\/wp\/v2\/pages\/2331\/revisions\/3368"}],"wp:attachment":[{"href":"https:\/\/boostbar.ch\/fr\/wp-json\/wp\/v2\/media?parent=2331"}],"curies":[{"name":"wp","href":"https:\/\/api.w.org\/{rel}","templated":true}]}}