{"id":2329,"date":"2025-09-18T15:32:55","date_gmt":"2025-09-18T15:32:55","guid":{"rendered":"https:\/\/boostinc.lam138.com\/?page_id=2329"},"modified":"2025-10-06T14:54:21","modified_gmt":"2025-10-06T14:54:21","slug":"politique-de-confidentialite-de-lapplication-mobile","status":"publish","type":"page","link":"https:\/\/boostbar.ch\/fr\/politique-de-confidentialite-de-lapplication-mobile\/","title":{"rendered":"Politique de confidentialit\u00e9 de l'application"},"content":{"rendered":"<div class=\"wp-block-greenshift-blocks-container alignfull gspb_container gspb_container-gsbp-c4bf558\" id=\"gspb_container-id-gsbp-c4bf558\"><\/div>\n\n\n\n<div style=\"height:100px\" aria-hidden=\"true\" class=\"wp-block-spacer\"><\/div>\n\n\n\n<div class=\"wp-block-greenshift-blocks-row gspb_row gspb_row-id-gsbp-bc68782\" id=\"gspb_row-id-gsbp-bc68782\"><div class=\"gspb_row__content\"> \n<div class=\"wp-block-greenshift-blocks-row-column gspb_row__col--12 gspb_col-id-gsbp-c7ad5fc\" id=\"gspb_col-id-gsbp-c7ad5fc\">\n<h1 class=\"wp-block-heading\" id=\"subtitle\">Privacy Policy for Boostbar AG (Boostbar) Mobile App.<\/h1>\n\n\n\n<h2 class=\"wp-block-heading\" id=\"subtitle\">Derni\u00e8re mise \u00e0 jour : 28th November 2023<\/h2>\n\n\n\n<p style=\"margin-bottom:var(--wp--preset--spacing--60);font-size:14px;line-height:2\">Merci d'avoir choisi Boostbar AG (\"We,\" \"Us,\" ou \"Our\"). Cette politique de confidentialit\u00e9 a \u00e9t\u00e9 con\u00e7ue pour vous aider \u00e0 comprendre comment nous collectons, utilisons et prot\u00e9geons vos informations personnelles lorsque vous utilisez notre application mobile et les services qu'elle fournit.<\/p>\n\n\n\n<h2 class=\"wp-block-heading\" id=\"subtitle\">Information We Collect :<\/h2>\n\n\n\n<h2 class=\"wp-block-heading\" id=\"subtitle\">a. Informations sur l'inscription :<\/h2>\n\n\n\n<p style=\"margin-bottom:var(--wp--preset--spacing--60);font-size:14px;line-height:2\">Lorsque vous cr\u00e9ez un compte avec Nous ou l'une de nos applications partenaires, nous collectons des informations telles que votre nom, votre adresse e-mail, votre num\u00e9ro de t\u00e9l\u00e9phone et votre mot de passe. Vous pouvez \u00e9galement choisir de vous inscrire en utilisant vos identifiants de compte Facebook, Google ou Apple, auquel cas nous pouvons vous demander des informations suppl\u00e9mentaires pour compl\u00e9ter votre profil et \u00e0 des fins d'audit.<br><br>Nous collectons votre num\u00e9ro de t\u00e9l\u00e9phone mobile uniquement pour v\u00e9rifier votre compte via un SMS unique lors de l'inscription. Nous ne l'utilisons pas \u00e0 des fins de marketing ni ne le partageons avec des tiers en dehors de nos besoins op\u00e9rationnels (par ex. pour la livraison du SMS de v\u00e9rification).<\/p>\n\n\n\n<h2 class=\"wp-block-heading\" id=\"b-profile-information\">b. Informations sur le profil :<\/h2>\n\n\n\n<p style=\"margin-bottom:var(--wp--preset--spacing--60);font-size:14px;line-height:2\">Nous pouvons collecter des informations suppl\u00e9mentaires lorsque vous choisissez de compl\u00e9ter votre profil d'utilisateur, telles qu'une photo de profil, la date de naissance, les pr\u00e9f\u00e9rences marketing, les exigences alimentaires et d'autres d\u00e9tails facultatifs, en fonction de l'application et des appareils de vente au d\u00e9tail automatis\u00e9s utilis\u00e9s.<\/p>\n\n\n\n<h2 class=\"wp-block-heading\" id=\"c-payment-information\">c. Informations sur le paiement :<\/h2>\n\n\n\n<p style=\"margin-bottom:var(--wp--preset--spacing--60);font-size:14px;line-height:2\">Pour faciliter les paiements dans l'application, nous pouvons collecter des informations sur le paiement, y compris des informations sur la carte de cr\u00e9dit ou d'autres donn\u00e9es de paiement. Veuillez noter que nous ne stockons pas ces informations sur nos serveurs, mais que nous utilisons un processeur de paiement tiers s\u00e9curis\u00e9 qui respecte les normes industrielles en mati\u00e8re de protection des donn\u00e9es.<\/p>\n\n\n\n<h2 class=\"wp-block-heading\" id=\"d-device-information\">d. Informations sur le dispositif :<\/h2>\n\n\n\n<p style=\"margin-bottom:var(--wp--preset--spacing--60);font-size:14px;line-height:2\">Nous collectons automatiquement des informations sur l'appareil que vous utilisez pour acc\u00e9der \u00e0 notre application, y compris le mod\u00e8le d'appareil, le syst\u00e8me d'exploitation, les identifiants uniques de l'appareil et les informations sur le r\u00e9seau mobile.<\/p>\n\n\n\n<h2 class=\"wp-block-heading\" id=\"e-usage-information\">e. Informations sur l'utilisation :<\/h2>\n\n\n\n<p style=\"margin-bottom:var(--wp--preset--spacing--60);font-size:14px;line-height:2\">Nous collectons des donn\u00e9es sur la fa\u00e7on dont vous interagissez avec notre application, y compris les fonctionnalit\u00e9s que vous utilisez, les pages que vous visitez, et le temps et la dur\u00e9e de vos activit\u00e9s afin d'am\u00e9liorer notre service et de vous aider \u00e0 r\u00e9soudre les probl\u00e8mes techniques.<\/p>\n\n\n\n<h2 class=\"wp-block-heading\" id=\"how-we-use-your-information-1\">Comment nous utilisons vos informations :<\/h2>\n\n\n\n<h2 class=\"wp-block-heading\" id=\"a-account-management-1\">a. Gestion des comptes :<\/h2>\n\n\n\n<p style=\"margin-bottom:var(--wp--preset--spacing--60);font-size:14px;line-height:2\">Nous utilisons vos informations d'inscription pour cr\u00e9er et g\u00e9rer votre compte, vous permettant ainsi d'acc\u00e9der aux fonctionnalit\u00e9s de notre application.<\/p>\n\n\n\n<h2 class=\"wp-block-heading\" id=\"b-personalization\">b. La personnalisation :<\/h2>\n\n\n\n<p style=\"margin-bottom:var(--wp--preset--spacing--60);font-size:14px;line-height:2\">Nous pouvons utiliser les informations de votre profil pour personnaliser votre exp\u00e9rience au sein de l'application, par exemple en affichant votre nom et votre photo de profil.<\/p>\n\n\n\n<h2 class=\"wp-block-heading\" id=\"c-payments\">c. Les paiements :<\/h2>\n\n\n\n<p style=\"margin-bottom:var(--wp--preset--spacing--60);font-size:14px;line-height:2\">Vos informations de paiement sont utilis\u00e9es pour traiter les transactions et faciliter les paiements in-app en toute s\u00e9curit\u00e9.<\/p>\n\n\n\n<h2 class=\"wp-block-heading\" id=\"d-communication\">d. Communication :<\/h2>\n\n\n\n<p style=\"margin-bottom:var(--wp--preset--spacing--60);font-size:14px;line-height:2\">Nous pouvons utiliser votre adresse e-mail pour vous envoyer des mises \u00e0 jour importantes, des notifications et des informations relatives \u00e0 votre compte. Nous pouvons \u00e9galement vous envoyer des notifications pour vous informer de l'\u00e9tat de vos paiements, de vos achats ou pour promouvoir de nouveaux produits, si vous optez pour ce service.<\/p>\n\n\n\n<h2 class=\"wp-block-heading\" id=\"e-analytics\">e. Analytics :<\/h2>\n\n\n\n<p style=\"margin-bottom:var(--wp--preset--spacing--60);font-size:14px;line-height:2\">Nous utilisons des donn\u00e9es agr\u00e9g\u00e9es et anonymis\u00e9es \u00e0 des fins d'analyse pour am\u00e9liorer la fonctionnalit\u00e9 et l'exp\u00e9rience utilisateur de notre application.<\/p>\n\n\n\n<h2 class=\"wp-block-heading\" id=\"information-sharing-1\">Partage d'informations :<\/h2>\n\n\n\n<h2 class=\"wp-block-heading\" id=\"a-third-party-services\">a. Services de tiers :<\/h2>\n\n\n\n<p style=\"margin-bottom:var(--wp--preset--spacing--60);font-size:14px;line-height:2\">Nous pouvons partager vos informations avec des fournisseurs de services tiers qui nous aident \u00e0 fournir et \u00e0 am\u00e9liorer nos services, y compris les processeurs de paiement et les fournisseurs de stockage en nuage.<\/p>\n\n\n\n<h2 class=\"wp-block-heading\" id=\"b-legal-compliance\">b. Conformit\u00e9 juridique :<\/h2>\n\n\n\n<p style=\"margin-bottom:var(--wp--preset--spacing--60);font-size:14px;line-height:2\">Nous pouvons divulguer vos informations afin de nous conformer aux lois, r\u00e9glementations ou processus juridiques applicables.<\/p>\n\n\n\n<h2 class=\"wp-block-heading\" id=\"data-security-1\">S\u00e9curit\u00e9 des donn\u00e9es :<\/h2>\n\n\n\n<p style=\"margin-bottom:var(--wp--preset--spacing--60);font-size:14px;line-height:2\">Nous prenons des mesures raisonnables pour prot\u00e9ger vos informations contre l'acc\u00e8s, la divulgation, l'alt\u00e9ration et la destruction non autoris\u00e9s. Toutefois, aucune m\u00e9thode de transmission via Internet ou de stockage \u00e9lectronique n'est 100% s\u00fbre.<\/p>\n\n\n\n<h2 class=\"wp-block-heading\" id=\"your-choices-1\">Vos choix :<\/h2>\n\n\n\n<p style=\"margin-bottom:var(--wp--preset--spacing--60);font-size:14px;line-height:2\">Vous avez le droit d'acc\u00e9der, de mettre \u00e0 jour ou de supprimer vos informations personnelles. Vous pouvez le faire par le biais des param\u00e8tres de compte dans l'application.<\/p>\n\n\n\n<h2 class=\"wp-block-heading\" id=\"updates-to-this-privacy-policy-1\">Mises \u00e0 jour de cette politique de confidentialit\u00e9 :<\/h2>\n\n\n\n<p style=\"margin-bottom:var(--wp--preset--spacing--60);font-size:14px;line-height:2\">Nous pouvons mettre \u00e0 jour cette politique de confidentialit\u00e9 de temps \u00e0 autre pour refl\u00e9ter les changements dans nos pratiques. Nous vous invitons \u00e0 la consulter p\u00e9riodiquement.<\/p>\n\n\n\n<h2 class=\"wp-block-heading\" id=\"contact-us-1\">Contactez-nous :<\/h2>\n\n\n\n<p style=\"margin-bottom:var(--wp--preset--spacing--60);font-size:14px;line-height:2\">Si vous avez des questions ou des pr\u00e9occupations au sujet de cette politique de confidentialit\u00e9, veuillez nous contacter \u00e0 l'adresse suivante : hello@boostbar.ch.<\/p>\n\n\n\n<p style=\"margin-bottom:var(--wp--preset--spacing--60);font-size:14px;line-height:2\">En utilisant l'application mobile de Boostbar, vous acceptez les conditions \u00e9nonc\u00e9es dans la pr\u00e9sente politique de confidentialit\u00e9.<\/p>\n<\/div>\n <\/div><\/div>\n\n\n\n<div class=\"wp-block-greenshift-blocks-row gspb_row gspb_row-id-gsbp-233e74c\" id=\"gspb_row-id-gsbp-233e74c\"><div class=\"gspb_row__content\">  <\/div><\/div>","protected":false},"excerpt":{"rendered":"","protected":false},"author":2,"featured_media":0,"parent":0,"menu_order":0,"comment_status":"closed","ping_status":"closed","template":"","meta":{"_gspb_post_css":".gspb_container-id-gsbp-c4bf558{flex-direction:column;box-sizing:border-box}#gspb_container-id-gsbp-c4bf558.gspb_container>p:last-of-type{margin-bottom:0}#gspb_container-id-gsbp-c4bf558.gspb_container{position:relative;background-color:var(--wp--preset--color--palette-color-3, var(--theme-palette-color-3, #1f644f));height:95px}#gspb_row-id-gsbp-233e74c,#gspb_row-id-gsbp-bc68782{justify-content:space-between;margin-top:0;margin-bottom:0;display:flex;flex-wrap:wrap}#gspb_row-id-gsbp-bc68782>.gspb_row__content{display:flex;margin:0 auto;width:100%;flex-wrap:wrap;justify-content:center}.gspb_row{position:relative}div[id^=gspb_col-id]{box-sizing:border-box;position:relative;padding:var(--gs-row-column-padding, 15px min(3vw, 20px))}body.gspb-bodyfront #gspb_row-id-gsbp-bc68782>.gspb_row__content{width:var(--theme-container-width, 1200px);max-width:var(--theme-normal-container-max-width, 1200px)}#gspb_col-id-gsbp-c7ad5fc.gspb_row__col--12{width:100%}@media (max-width:575.98px){#gspb_col-id-gsbp-c7ad5fc.gspb_row__col--12{width:100%}}body.gspb-bodyfront #gspb_col-id-gsbp-c7ad5fc.gspb_row__col--12{max-width:640px}#gspb_row-id-gsbp-233e74c>.gspb_row__content{display:flex;margin:0 auto;width:100%;flex-wrap:wrap;justify-content:center}body.gspb-bodyfront #gspb_row-id-gsbp-233e74c>.gspb_row__content{width:var(--theme-container-width, 1200px);max-width:var(--theme-normal-container-max-width, 1200px)}","content-type":"","footnotes":""},"class_list":["post-2329","page","type-page","status-publish","hentry"],"blocksy_meta":[],"yoast_head":"<!-- This site is optimized with the Yoast SEO plugin v26.0 - https:\/\/yoast.com\/wordpress\/plugins\/seo\/ -->\n<title>Privacy Policy App - Boostbar<\/title>\n<meta name=\"robots\" content=\"index, follow, max-snippet:-1, max-image-preview:large, max-video-preview:-1\" \/>\n<link rel=\"canonical\" href=\"https:\/\/boostbar.ch\/fr\/politique-de-confidentialite-de-lapplication-mobile\/\" \/>\n<meta property=\"og:locale\" content=\"fr_FR\" \/>\n<meta property=\"og:type\" content=\"article\" \/>\n<meta property=\"og:title\" content=\"Privacy Policy App - Boostbar\" \/>\n<meta property=\"og:url\" content=\"https:\/\/boostbar.ch\/fr\/politique-de-confidentialite-de-lapplication-mobile\/\" \/>\n<meta property=\"og:site_name\" content=\"Boostbar\" \/>\n<meta property=\"article:modified_time\" content=\"2025-10-06T14:54:21+00:00\" \/>\n<meta name=\"twitter:card\" content=\"summary_large_image\" \/>\n<meta name=\"twitter:label1\" content=\"Dur\u00e9e de lecture estim\u00e9e\" \/>\n\t<meta name=\"twitter:data1\" content=\"3 minutes\" \/>\n<script type=\"application\/ld+json\" class=\"yoast-schema-graph\">{\"@context\":\"https:\/\/schema.org\",\"@graph\":[{\"@type\":\"WebPage\",\"@id\":\"https:\/\/boostbar.ch\/en\/privacy-policy-mobile-app\/\",\"url\":\"https:\/\/boostbar.ch\/en\/privacy-policy-mobile-app\/\",\"name\":\"Privacy Policy App - Boostbar\",\"isPartOf\":{\"@id\":\"https:\/\/boostbar.ch\/#website\"},\"datePublished\":\"2025-09-18T15:32:55+00:00\",\"dateModified\":\"2025-10-06T14:54:21+00:00\",\"breadcrumb\":{\"@id\":\"https:\/\/boostbar.ch\/en\/privacy-policy-mobile-app\/#breadcrumb\"},\"inLanguage\":\"fr-FR\",\"potentialAction\":[{\"@type\":\"ReadAction\",\"target\":[\"https:\/\/boostbar.ch\/en\/privacy-policy-mobile-app\/\"]}]},{\"@type\":\"BreadcrumbList\",\"@id\":\"https:\/\/boostbar.ch\/en\/privacy-policy-mobile-app\/#breadcrumb\",\"itemListElement\":[{\"@type\":\"ListItem\",\"position\":1,\"name\":\"Home\",\"item\":\"https:\/\/boostbar.ch\/\"},{\"@type\":\"ListItem\",\"position\":2,\"name\":\"Privacy Policy App\"}]},{\"@type\":\"WebSite\",\"@id\":\"https:\/\/boostbar.ch\/#website\",\"url\":\"https:\/\/boostbar.ch\/\",\"name\":\"Boostbar\",\"description\":\"Kaffee &amp; Verpflegung. F\u00fcr alle. Jederzeit.\",\"publisher\":{\"@id\":\"https:\/\/boostbar.ch\/#organization\"},\"potentialAction\":[{\"@type\":\"SearchAction\",\"target\":{\"@type\":\"EntryPoint\",\"urlTemplate\":\"https:\/\/boostbar.ch\/?s={search_term_string}\"},\"query-input\":{\"@type\":\"PropertyValueSpecification\",\"valueRequired\":true,\"valueName\":\"search_term_string\"}}],\"inLanguage\":\"fr-FR\"},{\"@type\":\"Organization\",\"@id\":\"https:\/\/boostbar.ch\/#organization\",\"name\":\"Boostbar\",\"url\":\"https:\/\/boostbar.ch\/\",\"logo\":{\"@type\":\"ImageObject\",\"inLanguage\":\"fr-FR\",\"@id\":\"https:\/\/boostbar.ch\/#\/schema\/logo\/image\/\",\"url\":\"https:\/\/boostbar.ch\/wp-content\/uploads\/2025\/08\/logoTextLight.svg?wsr\",\"contentUrl\":\"https:\/\/boostbar.ch\/wp-content\/uploads\/2025\/08\/logoTextLight.svg?wsr\",\"width\":116,\"height\":21,\"caption\":\"Boostbar\"},\"image\":{\"@id\":\"https:\/\/boostbar.ch\/#\/schema\/logo\/image\/\"}}]}<\/script>\n<!-- \/ Yoast SEO plugin. -->","yoast_head_json":{"title":"Application de la politique de confidentialit\u00e9 - Boostbar","robots":{"index":"index","follow":"follow","max-snippet":"max-snippet:-1","max-image-preview":"max-image-preview:large","max-video-preview":"max-video-preview:-1"},"canonical":"https:\/\/boostbar.ch\/fr\/politique-de-confidentialite-de-lapplication-mobile\/","og_locale":"fr_FR","og_type":"article","og_title":"Privacy Policy App - Boostbar","og_url":"https:\/\/boostbar.ch\/fr\/politique-de-confidentialite-de-lapplication-mobile\/","og_site_name":"Boostbar","article_modified_time":"2025-10-06T14:54:21+00:00","twitter_card":"summary_large_image","twitter_misc":{"Dur\u00e9e de lecture estim\u00e9e":"3 minutes"},"schema":{"@context":"https:\/\/schema.org","@graph":[{"@type":"WebPage","@id":"https:\/\/boostbar.ch\/en\/privacy-policy-mobile-app\/","url":"https:\/\/boostbar.ch\/en\/privacy-policy-mobile-app\/","name":"Application de la politique de confidentialit\u00e9 - Boostbar","isPartOf":{"@id":"https:\/\/boostbar.ch\/#website"},"datePublished":"2025-09-18T15:32:55+00:00","dateModified":"2025-10-06T14:54:21+00:00","breadcrumb":{"@id":"https:\/\/boostbar.ch\/en\/privacy-policy-mobile-app\/#breadcrumb"},"inLanguage":"fr-FR","potentialAction":[{"@type":"ReadAction","target":["https:\/\/boostbar.ch\/en\/privacy-policy-mobile-app\/"]}]},{"@type":"BreadcrumbList","@id":"https:\/\/boostbar.ch\/en\/privacy-policy-mobile-app\/#breadcrumb","itemListElement":[{"@type":"ListItem","position":1,"name":"Home","item":"https:\/\/boostbar.ch\/"},{"@type":"ListItem","position":2,"name":"Privacy Policy App"}]},{"@type":"WebSite","@id":"https:\/\/boostbar.ch\/#website","url":"https:\/\/boostbar.ch\/","name":"Boostbar","description":"Caf\u00e9 et restauration. Pour tous. A tout moment.","publisher":{"@id":"https:\/\/boostbar.ch\/#organization"},"potentialAction":[{"@type":"SearchAction","target":{"@type":"EntryPoint","urlTemplate":"https:\/\/boostbar.ch\/?s={search_term_string}"},"query-input":{"@type":"PropertyValueSpecification","valueRequired":true,"valueName":"search_term_string"}}],"inLanguage":"fr-FR"},{"@type":"Organization","@id":"https:\/\/boostbar.ch\/#organization","name":"Boostbar","url":"https:\/\/boostbar.ch\/","logo":{"@type":"ImageObject","inLanguage":"fr-FR","@id":"https:\/\/boostbar.ch\/#\/schema\/logo\/image\/","url":"https:\/\/boostbar.ch\/wp-content\/uploads\/2025\/08\/logoTextLight.svg?wsr","contentUrl":"https:\/\/boostbar.ch\/wp-content\/uploads\/2025\/08\/logoTextLight.svg?wsr","width":116,"height":21,"caption":"Boostbar"},"image":{"@id":"https:\/\/boostbar.ch\/#\/schema\/logo\/image\/"}}]}},"_links":{"self":[{"href":"https:\/\/boostbar.ch\/fr\/wp-json\/wp\/v2\/pages\/2329","targetHints":{"allow":["GET"]}}],"collection":[{"href":"https:\/\/boostbar.ch\/fr\/wp-json\/wp\/v2\/pages"}],"about":[{"href":"https:\/\/boostbar.ch\/fr\/wp-json\/wp\/v2\/types\/page"}],"author":[{"embeddable":true,"href":"https:\/\/boostbar.ch\/fr\/wp-json\/wp\/v2\/users\/2"}],"replies":[{"embeddable":true,"href":"https:\/\/boostbar.ch\/fr\/wp-json\/wp\/v2\/comments?post=2329"}],"version-history":[{"count":13,"href":"https:\/\/boostbar.ch\/fr\/wp-json\/wp\/v2\/pages\/2329\/revisions"}],"predecessor-version":[{"id":3365,"href":"https:\/\/boostbar.ch\/fr\/wp-json\/wp\/v2\/pages\/2329\/revisions\/3365"}],"wp:attachment":[{"href":"https:\/\/boostbar.ch\/fr\/wp-json\/wp\/v2\/media?parent=2329"}],"curies":[{"name":"wp","href":"https:\/\/api.w.org\/{rel}","templated":true}]}}