{"id":2286,"date":"2025-09-18T13:13:45","date_gmt":"2025-09-18T13:13:45","guid":{"rendered":"https:\/\/boostinc.lam138.com\/?page_id=2286"},"modified":"2025-09-18T13:17:45","modified_gmt":"2025-09-18T13:17:45","slug":"text-only-template","status":"publish","type":"page","link":"https:\/\/boostbar.ch\/fr\/text-only-template\/","title":{"rendered":"Mod\u00e8le Text Only"},"content":{"rendered":"<div class=\"wp-block-greenshift-blocks-container alignfull gspb_container gspb_container-gsbp-c4bf558\" id=\"gspb_container-id-gsbp-c4bf558\"><\/div>\n\n\n\n<div style=\"height:100px\" aria-hidden=\"true\" class=\"wp-block-spacer\"><\/div>\n\n\n\n<div class=\"wp-block-greenshift-blocks-row gspb_row gspb_row-id-gsbp-233e74c\" id=\"gspb_row-id-gsbp-233e74c\"><div class=\"gspb_row__content\"> \n<div class=\"wp-block-greenshift-blocks-row-column gspb_row__col--12 gspb_col-id-gsbp-a472cc4\" id=\"gspb_col-id-gsbp-a472cc4\">\n<h1 class=\"wp-block-heading\" id=\"subtitle\">Politique de confidentialit\u00e9<\/h1>\n\n\n\n<h2 class=\"wp-block-heading\" id=\"subtitle\">Sous-titre<\/h2>\n\n\n\n<p style=\"margin-bottom:var(--wp--preset--spacing--60);font-size:14px;line-height:2\">Le Lorem Ipsum est tout simplement le texte fictif de l'industrie de l'imprimerie et de la typographie. Le Lorem Ipsum a toujours \u00e9t\u00e9 le texte fictif standard de l'industrie depuis les ann\u00e9es 1500, lorsqu'un imprimeur inconnu prit une gal\u00e8re de caract\u00e8res et l'\u00e9plucha pour en faire un livre de sp\u00e9cimens de caract\u00e8res. Il a surv\u00e9cu non seulement \u00e0 cinq si\u00e8cles, mais aussi au passage \u00e0 la typographie \u00e9lectronique, en restant essentiellement inchang\u00e9. Elle a \u00e9t\u00e9 popularis\u00e9e dans les ann\u00e9es 1960 avec la sortie des feuilles Letraset contenant des passages de Lorem Ipsum, et plus r\u00e9cemment avec les logiciels de publication de bureau comme Aldus PageMaker, qui incluent des versions de Lorem Ipsum.<\/p>\n\n\n\n<h2 class=\"wp-block-heading\" id=\"subtitle\">Sous-titre<\/h2>\n\n\n\n<p style=\"margin-bottom:var(--wp--preset--spacing--60);font-size:14px;line-height:2\">Le Lorem Ipsum est tout simplement le texte fictif de l'industrie de l'imprimerie et de la typographie. Le Lorem Ipsum a toujours \u00e9t\u00e9 le texte fictif standard de l'industrie depuis les ann\u00e9es 1500, lorsqu'un imprimeur inconnu prit une gal\u00e8re de caract\u00e8res et l'\u00e9plucha pour en faire un livre de sp\u00e9cimens de caract\u00e8res. Il a surv\u00e9cu non seulement \u00e0 cinq si\u00e8cles, mais aussi au passage \u00e0 la typographie \u00e9lectronique, en restant essentiellement inchang\u00e9. Elle a \u00e9t\u00e9 popularis\u00e9e dans les ann\u00e9es 1960 avec la sortie des feuilles Letraset contenant des passages de Lorem Ipsum, et plus r\u00e9cemment avec les logiciels de publication de bureau comme Aldus PageMaker, qui incluent des versions de Lorem Ipsum.<\/p>\n<\/div>\n <\/div><\/div>","protected":false},"excerpt":{"rendered":"","protected":false},"author":1,"featured_media":0,"parent":0,"menu_order":0,"comment_status":"closed","ping_status":"closed","template":"","meta":{"_gspb_post_css":"#gspb_row-id-gsbp-233e74c{justify-content:space-between;margin-top:0;margin-bottom:0;display:flex;flex-wrap:wrap}#gspb_row-id-gsbp-233e74c>.gspb_row__content{display:flex;margin:0 auto;width:100%;flex-wrap:wrap;justify-content:center}.gspb_row{position:relative}div[id^=gspb_col-id]{box-sizing:border-box;position:relative;padding:var(--gs-row-column-padding, 15px min(3vw, 20px))}body.gspb-bodyfront #gspb_row-id-gsbp-233e74c>.gspb_row__content{width:var(--theme-container-width, 1200px);max-width:var(--theme-normal-container-max-width, 1200px)}#gspb_col-id-gsbp-a472cc4.gspb_row__col--12{width:100%}@media (max-width:575.98px){#gspb_col-id-gsbp-a472cc4.gspb_row__col--12{width:100%}}body.gspb-bodyfront #gspb_col-id-gsbp-a472cc4.gspb_row__col--12{max-width:640px}.gspb_container-id-gsbp-c4bf558{flex-direction:column;box-sizing:border-box}#gspb_container-id-gsbp-c4bf558.gspb_container>p:last-of-type{margin-bottom:0}#gspb_container-id-gsbp-c4bf558.gspb_container{position:relative;background-color:var(--wp--preset--color--palette-color-3, var(--theme-palette-color-3, #1f644f));height:95px}","content-type":"","footnotes":""},"class_list":["post-2286","page","type-page","status-publish","hentry"],"blocksy_meta":[],"yoast_head":"<!-- This site is optimized with the Yoast SEO plugin v26.0 - https:\/\/yoast.com\/wordpress\/plugins\/seo\/ -->\n<title>Text Only Template - Boostbar<\/title>\n<meta name=\"robots\" content=\"index, follow, max-snippet:-1, max-image-preview:large, max-video-preview:-1\" \/>\n<link rel=\"canonical\" href=\"https:\/\/boostbar.ch\/fr\/text-only-template\/\" \/>\n<meta property=\"og:locale\" content=\"fr_FR\" \/>\n<meta property=\"og:type\" content=\"article\" \/>\n<meta property=\"og:title\" content=\"Text Only Template - Boostbar\" \/>\n<meta property=\"og:url\" content=\"https:\/\/boostbar.ch\/fr\/text-only-template\/\" \/>\n<meta property=\"og:site_name\" content=\"Boostbar\" \/>\n<meta property=\"article:modified_time\" content=\"2025-09-18T13:17:45+00:00\" \/>\n<meta name=\"twitter:card\" content=\"summary_large_image\" \/>\n<meta name=\"twitter:label1\" content=\"Dur\u00e9e de lecture estim\u00e9e\" \/>\n\t<meta name=\"twitter:data1\" content=\"1 minute\" \/>\n<script type=\"application\/ld+json\" class=\"yoast-schema-graph\">{\"@context\":\"https:\/\/schema.org\",\"@graph\":[{\"@type\":\"WebPage\",\"@id\":\"https:\/\/boostbar.ch\/text-only-template\/\",\"url\":\"https:\/\/boostbar.ch\/text-only-template\/\",\"name\":\"Text Only Template - Boostbar\",\"isPartOf\":{\"@id\":\"https:\/\/boostbar.ch\/#website\"},\"datePublished\":\"2025-09-18T13:13:45+00:00\",\"dateModified\":\"2025-09-18T13:17:45+00:00\",\"breadcrumb\":{\"@id\":\"https:\/\/boostbar.ch\/text-only-template\/#breadcrumb\"},\"inLanguage\":\"fr-FR\",\"potentialAction\":[{\"@type\":\"ReadAction\",\"target\":[\"https:\/\/boostbar.ch\/text-only-template\/\"]}]},{\"@type\":\"BreadcrumbList\",\"@id\":\"https:\/\/boostbar.ch\/text-only-template\/#breadcrumb\",\"itemListElement\":[{\"@type\":\"ListItem\",\"position\":1,\"name\":\"Home\",\"item\":\"https:\/\/boostbar.ch\/\"},{\"@type\":\"ListItem\",\"position\":2,\"name\":\"Text Only Template\"}]},{\"@type\":\"WebSite\",\"@id\":\"https:\/\/boostbar.ch\/#website\",\"url\":\"https:\/\/boostbar.ch\/\",\"name\":\"Boostbar\",\"description\":\"Kaffee &amp; Verpflegung. F\u00fcr alle. Jederzeit.\",\"publisher\":{\"@id\":\"https:\/\/boostbar.ch\/#organization\"},\"potentialAction\":[{\"@type\":\"SearchAction\",\"target\":{\"@type\":\"EntryPoint\",\"urlTemplate\":\"https:\/\/boostbar.ch\/?s={search_term_string}\"},\"query-input\":{\"@type\":\"PropertyValueSpecification\",\"valueRequired\":true,\"valueName\":\"search_term_string\"}}],\"inLanguage\":\"fr-FR\"},{\"@type\":\"Organization\",\"@id\":\"https:\/\/boostbar.ch\/#organization\",\"name\":\"Boostbar\",\"url\":\"https:\/\/boostbar.ch\/\",\"logo\":{\"@type\":\"ImageObject\",\"inLanguage\":\"fr-FR\",\"@id\":\"https:\/\/boostbar.ch\/#\/schema\/logo\/image\/\",\"url\":\"https:\/\/boostbar.ch\/wp-content\/uploads\/2025\/08\/logoTextLight.svg?wsr\",\"contentUrl\":\"https:\/\/boostbar.ch\/wp-content\/uploads\/2025\/08\/logoTextLight.svg?wsr\",\"width\":116,\"height\":21,\"caption\":\"Boostbar\"},\"image\":{\"@id\":\"https:\/\/boostbar.ch\/#\/schema\/logo\/image\/\"}}]}<\/script>\n<!-- \/ Yoast SEO plugin. -->","yoast_head_json":{"title":"Mod\u00e8le Text Only - Boostbar","robots":{"index":"index","follow":"follow","max-snippet":"max-snippet:-1","max-image-preview":"max-image-preview:large","max-video-preview":"max-video-preview:-1"},"canonical":"https:\/\/boostbar.ch\/fr\/text-only-template\/","og_locale":"fr_FR","og_type":"article","og_title":"Text Only Template - Boostbar","og_url":"https:\/\/boostbar.ch\/fr\/text-only-template\/","og_site_name":"Boostbar","article_modified_time":"2025-09-18T13:17:45+00:00","twitter_card":"summary_large_image","twitter_misc":{"Dur\u00e9e de lecture estim\u00e9e":"1 minute"},"schema":{"@context":"https:\/\/schema.org","@graph":[{"@type":"WebPage","@id":"https:\/\/boostbar.ch\/text-only-template\/","url":"https:\/\/boostbar.ch\/text-only-template\/","name":"Mod\u00e8le Text Only - Boostbar","isPartOf":{"@id":"https:\/\/boostbar.ch\/#website"},"datePublished":"2025-09-18T13:13:45+00:00","dateModified":"2025-09-18T13:17:45+00:00","breadcrumb":{"@id":"https:\/\/boostbar.ch\/text-only-template\/#breadcrumb"},"inLanguage":"fr-FR","potentialAction":[{"@type":"ReadAction","target":["https:\/\/boostbar.ch\/text-only-template\/"]}]},{"@type":"BreadcrumbList","@id":"https:\/\/boostbar.ch\/text-only-template\/#breadcrumb","itemListElement":[{"@type":"ListItem","position":1,"name":"Home","item":"https:\/\/boostbar.ch\/"},{"@type":"ListItem","position":2,"name":"Text Only Template"}]},{"@type":"WebSite","@id":"https:\/\/boostbar.ch\/#website","url":"https:\/\/boostbar.ch\/","name":"Boostbar","description":"Caf\u00e9 et restauration. Pour tous. A tout moment.","publisher":{"@id":"https:\/\/boostbar.ch\/#organization"},"potentialAction":[{"@type":"SearchAction","target":{"@type":"EntryPoint","urlTemplate":"https:\/\/boostbar.ch\/?s={search_term_string}"},"query-input":{"@type":"PropertyValueSpecification","valueRequired":true,"valueName":"search_term_string"}}],"inLanguage":"fr-FR"},{"@type":"Organization","@id":"https:\/\/boostbar.ch\/#organization","name":"Boostbar","url":"https:\/\/boostbar.ch\/","logo":{"@type":"ImageObject","inLanguage":"fr-FR","@id":"https:\/\/boostbar.ch\/#\/schema\/logo\/image\/","url":"https:\/\/boostbar.ch\/wp-content\/uploads\/2025\/08\/logoTextLight.svg?wsr","contentUrl":"https:\/\/boostbar.ch\/wp-content\/uploads\/2025\/08\/logoTextLight.svg?wsr","width":116,"height":21,"caption":"Boostbar"},"image":{"@id":"https:\/\/boostbar.ch\/#\/schema\/logo\/image\/"}}]}},"_links":{"self":[{"href":"https:\/\/boostbar.ch\/fr\/wp-json\/wp\/v2\/pages\/2286","targetHints":{"allow":["GET"]}}],"collection":[{"href":"https:\/\/boostbar.ch\/fr\/wp-json\/wp\/v2\/pages"}],"about":[{"href":"https:\/\/boostbar.ch\/fr\/wp-json\/wp\/v2\/types\/page"}],"author":[{"embeddable":true,"href":"https:\/\/boostbar.ch\/fr\/wp-json\/wp\/v2\/users\/1"}],"replies":[{"embeddable":true,"href":"https:\/\/boostbar.ch\/fr\/wp-json\/wp\/v2\/comments?post=2286"}],"version-history":[{"count":9,"href":"https:\/\/boostbar.ch\/fr\/wp-json\/wp\/v2\/pages\/2286\/revisions"}],"predecessor-version":[{"id":2616,"href":"https:\/\/boostbar.ch\/fr\/wp-json\/wp\/v2\/pages\/2286\/revisions\/2616"}],"wp:attachment":[{"href":"https:\/\/boostbar.ch\/fr\/wp-json\/wp\/v2\/media?parent=2286"}],"curies":[{"name":"wp","href":"https:\/\/api.w.org\/{rel}","templated":true}]}}